{"id":170,"date":"2021-01-04T05:08:33","date_gmt":"2021-01-04T05:08:33","guid":{"rendered":"http:\/\/corporativoger.com\/?page_id=170"},"modified":"2025-06-24T19:03:35","modified_gmt":"2025-06-24T19:03:35","slug":"alas-5k","status":"publish","type":"page","link":"http:\/\/corporativoger.com\/index.php\/alas-5k\/","title":{"rendered":"Alas 5k"},"content":{"rendered":"<p>[vc_row content_placement=&#8221;middle&#8221; el_class=&#8221;cover-interior&#8221; css=&#8221;.vc_custom_1616987292081{background-image: url(http:\/\/corporativoger.com\/wp-content\/uploads\/2021\/03\/cover-5k-01-scaled.jpg?id=432) !important;background-position: center !important;background-repeat: no-repeat !important;background-size: cover !important;}&#8221;][vc_column][vc_column_text]<\/p>\n<h1 style=\"text-align: center;\"><strong>Alas 5K<\/strong><\/h1>\n<p>[\/vc_column_text][\/vc_column][\/vc_row][vc_row el_class=&#8221;container&#8221;][vc_column offset=&#8221;vc_col-md-7&#8243;][vc_column_text]En Grupo Alas 5K creemos en la cultura empresarial con el cliente y la capacidad de brindar servicios integrales como una empresa l\u00edder del sector. Por ello mantenemos un dialogo constante y fluido con el cliente para atender las necesidades que puedan surgir.<\/p>\n<p>Desde nuestros inicios, hemos evolucionado y ampliado nuestros servicios y recursos tecnol\u00f3gicos en un continuo proceso de innovaci\u00f3n. Hoy en d\u00eda ofrecemos una seguridad completa: prevenci\u00f3n y neutralizaci\u00f3n mediante la vigilancia activa y el control de accesos, custodias VIP, custodias de valores en tr\u00e1nsito con monitoreo satelital, vigilancia personal, etc.[\/vc_column_text][vc_column_text css=&#8221;.vc_custom_1609737241446{padding-top: 45px !important;padding-bottom: 45px !important;background-image: url(http:\/\/corporativoger.com\/wp-content\/uploads\/2021\/01\/alas-01.jpg?id=174) !important;background-position: center !important;background-repeat: no-repeat !important;background-size: cover !important;}&#8221;]<!-- Button trigger modal --><br \/>\n<button class=\"btn\" type=\"button\" data-toggle=\"modal\" data-target=\"#myModal\"><br \/>\n<img decoding=\"async\" src=\"http:\/\/corporativoger.com\/\/wp-content\/uploads\/2020\/11\/play_Index.png\" \/><br \/>\n<\/button><\/p>\n<p><!-- Modal --><\/p>\n<div id=\"myModal\" class=\"modal fade\" tabindex=\"-1\" role=\"dialog\" aria-labelledby=\"myModalLabel\">\n<div class=\"modal-dialog\" role=\"document\">\n<div class=\"modal-content\">\n<div class=\"modal-header\">\n<p><button class=\"close\" type=\"button\" data-dismiss=\"modal\" aria-label=\"Close\"><span aria-hidden=\"true\">\u00d7<\/span><\/button><\/p>\n<h4 id=\"myModalLabel\" class=\"modal-title\">Modal title<\/h4>\n<\/div>\n<div class=\"modal-body\">video Pr\u00f3ximamente<\/div>\n<\/div>\n<\/div>\n<\/div>\n<p>[\/vc_column_text][vc_column_text]Creemos en la importancia de cada persona, el capital humano; por eso contamos con los mejores profesionales, no solo por el entrenamiento brindado, sino por su esp\u00edritu de equipo.<\/p>\n<p>Nuestro compromiso es prevenir, reducir o mitigar los impactos que puedan ocurrir en los aspectos de seguridad en general otorgando con esto el valor corporativo a su empresa y a la propia.[\/vc_column_text][vc_row_inner el_class=&#8221;servicios-list&#8221;][vc_column_inner width=&#8221;1\/2&#8243;][vc_column_text css=&#8221;.vc_custom_1613726244479{background-color: #f1f2f2 !important;}&#8221;]<img decoding=\"async\" class=\"alignnone size-full wp-image-275\" src=\"https:\/\/corporativoger.com\/wp-content\/uploads\/2021\/02\/alas-01.png\" alt=\"\" \/><\/p>\n<h4 class=\"titl-s\">Guardias profesionales<\/h4>\n<p>Este es ideal para cubrir diversas funciones de seguridad de su empresa, con procedimientos espec\u00edficos sin entorpecer sus funciones administrativas.[\/vc_column_text][\/vc_column_inner][vc_column_inner width=&#8221;1\/2&#8243;][vc_column_text css=&#8221;.vc_custom_1613726256809{background-color: #f1f2f2 !important;}&#8221;]<img decoding=\"async\" class=\"alignnone size-full wp-image-275\" src=\"https:\/\/corporativoger.com\/wp-content\/uploads\/2021\/02\/alas-02.png\" alt=\"\" \/><\/p>\n<h4 class=\"titl-s\">Veh\u00edculos de vigilancia<\/h4>\n<p>Autom\u00f3viles y veh\u00edculos de reciente modelo, todos los veh\u00edculos son de uso exclusivo del cliente o \u00e1rea designada para la prestaci\u00f3n del servicio.[\/vc_column_text][\/vc_column_inner][\/vc_row_inner][vc_row_inner el_class=&#8221;servicios-list&#8221;][vc_column_inner width=&#8221;1\/2&#8243;][vc_column_text css=&#8221;.vc_custom_1613726274598{background-color: #f1f2f2 !important;}&#8221;]<img decoding=\"async\" class=\"alignnone size-full wp-image-275\" src=\"https:\/\/corporativoger.com\/wp-content\/uploads\/2021\/02\/alas-03.png\" alt=\"\" \/><\/p>\n<h4 class=\"titl-s\">Supervisi\u00f3n del personal<\/h4>\n<p>Contamos con supervisi\u00f3n constante por parte de elementos altamente capacitados por expertos en las siguientes materias: Recursos Humanos Control de Siniestros T\u00e9cnicas de Arresto Desarrollo Integral[\/vc_column_text][\/vc_column_inner][vc_column_inner width=&#8221;1\/2&#8243;][vc_column_text css=&#8221;.vc_custom_1613726288583{background-color: #f1f2f2 !important;}&#8221;]<img decoding=\"async\" class=\"alignnone size-full wp-image-275\" src=\"https:\/\/corporativoger.com\/wp-content\/uploads\/2021\/02\/alas-04.png\" alt=\"\" \/><\/p>\n<h4 class=\"titl-s\">Servicio K9<\/h4>\n<p>Ofrecemos servicios con perros entrenados y certificados para una variedad de tareas espec\u00edficas, como son revisi\u00f3n y detecci\u00f3n de contrabando, sustancias narc\u00f3ticas, todo tipo de municiones, armas de fuego, unidad monetaria entre otras[\/vc_column_text][\/vc_column_inner][\/vc_row_inner][vc_images_carousel images=&#8221;176,177,178,180,181&#8243; img_size=&#8221;375&#8243; onclick=&#8221;link_no&#8221; slides_per_view=&#8221;3&#8243; hide_pagination_control=&#8221;yes&#8221; wrap=&#8221;yes&#8221; el_class=&#8221;slide-empresa&#8221;][\/vc_column][vc_column width=&#8221;2\/3&#8243; offset=&#8221;vc_col-md-offset-1 vc_col-md-4 vc_col-sm-offset-2&#8243;][vc_row_inner el_class=&#8221;sidebox-empresas&#8221;][vc_column_inner][vc_column_text el_class=&#8221;border-aside side-empresas&#8221;]<strong>Corporativo GER<\/strong><\/p>\n<h3><strong>Nuestras<br \/>\nEmpresas<\/strong><\/h3>\n<p>[\/vc_column_text][vc_raw_html el_class=&#8221;icon-link joselyn&#8221;]JTNDYSUyMGNsYXNzJTNEJTIybG9nby1nZXIlMjIlMjBocmVmJTNEJTIyaHR0cHMlM0ElMkYlMkZjb3Jwb3JhdGl2b2dlci5jb20lMkYlMjIlM0UlM0MlMkZhJTNF[\/vc_raw_html][vc_raw_html el_class=&#8221;icon-link rcj&#8221;]JTNDYSUyMGNsYXNzJTNEJTIybG9nby10cGolMjIlMjBocmVmJTNEJTIyaHR0cHMlM0ElMkYlMkZjb3Jwb3JhdGl2b2dlci5jb20lMkZpbmRleC5waHAlMkZqb3NlbHluJTJGJTIyJTNFJTNDJTJGYSUzRQ==[\/vc_raw_html][vc_raw_html el_class=&#8221;icon-link alas&#8221;]JTNDYSUyMGNsYXNzJTNEJTIybG9nby1yY2olMjIlMjBocmVmJTNEJTIyaHR0cHMlM0ElMkYlMkZjb3Jwb3JhdGl2b2dlci5jb20lMkZpbmRleC5waHAlMkZyY2olMkYlMjIlM0UlM0MlMkZhJTNF[\/vc_raw_html][vc_raw_html el_class=&#8221;icon-link jcr&#8221;]JTNDYSUyMGNsYXNzJTNEJTIybG9nby1qY3IlMjIlMjBocmVmJTNEJTIyaHR0cHMlM0ElMkYlMkZjb3Jwb3JhdGl2b2dlci5jb20lMkYlMjIlM0UlM0MlMkZhJTNF[\/vc_raw_html][vc_raw_html el_class=&#8221;icon-link jcr active-bg&#8221;]JTNDYSUyMGNsYXNzJTNEJTIybG9nby01ayUyMiUyMGhyZWYlM0QlMjJodHRwcyUzQSUyRiUyRmNvcnBvcmF0aXZvZ2VyLmNvbSUyRmluZGV4LnBocCUyRmFsYXMtNWslMkYlMjIlM0UlM0MlMkZhJTNF[\/vc_raw_html][vc_raw_html el_class=&#8221;icon-link rodriguez&#8221;]JTNDYSUyMGNsYXNzJTNEJTIybG9nby1yb2QlMjIlMjBocmVmJTNEJTIyaHR0cHMlM0ElMkYlMkZjb3Jwb3JhdGl2b2dlci5jb20lMkYlMjIlM0UlM0MlMkZhJTNF[\/vc_raw_html][\/vc_column_inner][\/vc_row_inner][vc_column_text el_class=&#8221;txt-white&#8221; css=&#8221;.vc_custom_1606714716263{padding-top: 32px !important;padding-right: 20px !important;padding-bottom: 32px !important;padding-left: 20px !important;background-image: url(http:\/\/corporativoger.com\/\/wp-content\/uploads\/2020\/11\/bg-big_Index.jpg?id=38) !important;background-position: center !important;background-repeat: no-repeat !important;background-size: cover !important;}&#8221;]<\/p>\n<p class=\"small-white\">Archivos<\/p>\n<h3><strong>Descarga nuestro brochure<\/strong><\/h3>\n<p><a class=\"pdf-button\" href=\"#\">Brouchure 2020<\/a><br \/>\n<a class=\"pdf-button\" href=\"#\">Presentaci\u00f3n<\/a>[\/vc_column_text][vc_column_text el_class=&#8221;txt-white&#8221; css=&#8221;.vc_custom_1606716407778{padding-top: 32px !important;padding-right: 20px !important;padding-bottom: 32px !important;padding-left: 20px !important;background-image: url(http:\/\/corporativoger.com\/\/wp-content\/uploads\/2020\/11\/int-bg-header_Index.jpg?id=31) !important;background-position: center !important;background-repeat: no-repeat !important;background-size: cover !important;}&#8221;]<\/p>\n<p class=\"small-white\">Contacto<\/p>\n<h3><strong>Cont\u00e1ctanos para mayores informes<\/strong><\/h3>\n<p><a class=\"vc_general vc_btn3 vc_btn3-size-md vc_btn3-shape-rounded vc_btn3-style-modern vc_btn3-color-chino\" href=\"#\">Contacto<\/a>[\/vc_column_text][\/vc_column][\/vc_row]<\/p>\n","protected":false},"excerpt":{"rendered":"<p>[vc_row content_placement=&#8221;middle&#8221; el_class=&#8221;cover-interior&#8221; css=&#8221;.vc_custom_1616987292081{background-image: url(http:\/\/corporativoger.com\/wp-content\/uploads\/2021\/03\/cover-5k-01-scaled.jpg?id=432) !important;background-position: center !important;background-repeat: no-repeat !important;background-size: cover !important;}&#8221;][vc_column][vc_column_text] Alas 5K [\/vc_column_text][\/vc_column][\/vc_row][vc_row el_class=&#8221;container&#8221;][vc_column offset=&#8221;vc_col-md-7&#8243;][vc_column_text]En Grupo Alas 5K creemos en la cultura empresarial con el cliente y la capacidad de brindar servicios integrales como una empresa l\u00edder del sector. Por ello mantenemos un dialogo constante y fluido con el cliente para atender las&nbsp; <a href=\"http:\/\/corporativoger.com\/index.php\/alas-5k\/\">&hellip; Read more <i class=\"glyphicon glyphicon-arrow-right\"><\/i><\/a><\/p>\n","protected":false},"author":1,"featured_media":0,"parent":0,"menu_order":0,"comment_status":"closed","ping_status":"closed","template":"page-full-width.php","meta":{"footnotes":""},"class_list":["post-170","page","type-page","status-publish","hentry"],"_links":{"self":[{"href":"http:\/\/corporativoger.com\/index.php\/wp-json\/wp\/v2\/pages\/170","targetHints":{"allow":["GET"]}}],"collection":[{"href":"http:\/\/corporativoger.com\/index.php\/wp-json\/wp\/v2\/pages"}],"about":[{"href":"http:\/\/corporativoger.com\/index.php\/wp-json\/wp\/v2\/types\/page"}],"author":[{"embeddable":true,"href":"http:\/\/corporativoger.com\/index.php\/wp-json\/wp\/v2\/users\/1"}],"replies":[{"embeddable":true,"href":"http:\/\/corporativoger.com\/index.php\/wp-json\/wp\/v2\/comments?post=170"}],"version-history":[{"count":19,"href":"http:\/\/corporativoger.com\/index.php\/wp-json\/wp\/v2\/pages\/170\/revisions"}],"predecessor-version":[{"id":464,"href":"http:\/\/corporativoger.com\/index.php\/wp-json\/wp\/v2\/pages\/170\/revisions\/464"}],"wp:attachment":[{"href":"http:\/\/corporativoger.com\/index.php\/wp-json\/wp\/v2\/media?parent=170"}],"curies":[{"name":"wp","href":"https:\/\/api.w.org\/{rel}","templated":true}]}}