{"id":108,"date":"2020-11-30T05:32:24","date_gmt":"2020-11-30T05:32:24","guid":{"rendered":"http:\/\/corporativoger.com\/\/?page_id=108"},"modified":"2025-06-24T18:54:10","modified_gmt":"2025-06-24T18:54:10","slug":"joselyn","status":"publish","type":"page","link":"http:\/\/corporativoger.com\/index.php\/joselyn\/","title":{"rendered":"Joselyn"},"content":{"rendered":"<p>[vc_row content_placement=&#8221;middle&#8221; el_class=&#8221;cover-interior&#8221; css=&#8221;.vc_custom_1614367030780{background-image: url(http:\/\/corporativoger.com\/wp-content\/uploads\/2021\/02\/joselyn-cover.jpg?id=314) !important;background-position: center !important;background-repeat: no-repeat !important;background-size: cover !important;}&#8221;][vc_column][vc_column_text]<\/p>\n<h1 style=\"text-align: center;\"><strong>Joselyn<\/strong><\/h1>\n<p style=\"text-align: center;\">Inicio | Joselyn<\/p>\n<p>[\/vc_column_text][\/vc_column][\/vc_row][vc_row el_class=&#8221;container&#8221;][vc_column offset=&#8221;vc_col-md-7&#8243;][vc_column_text]Una empresa de Transporte de personal en Ciudad Ju\u00e1rez, encargados de brindar el servicio de traslado de empleados de maquiladoras. Atentemos las demandas o necesidades de cada empresa con la que estamos asociados, adem\u00e1s de proveerles un ser servicio c\u00f3modo y seguro. La empresa anteriormente era conocida como Avante y cambio de nombre el 24 de julio del 2016 a Transporte de Personal Joselyn.[\/vc_column_text][vc_column_text css=&#8221;.vc_custom_1606714408213{padding-top: 45px !important;padding-bottom: 45px !important;background-image: url(http:\/\/corporativoger.com\/\/wp-content\/uploads\/2020\/11\/bottom-bg-01.jpg?id=85) !important;background-position: center !important;background-repeat: no-repeat !important;background-size: cover !important;}&#8221;]<!-- Button trigger modal --><br \/>\n<button class=\"btn\" type=\"button\" data-toggle=\"modal\" data-target=\"#myModal\"><br \/>\n<img decoding=\"async\" src=\"http:\/\/corporativoger.com\/\/wp-content\/uploads\/2020\/11\/play_Index.png\" \/><br \/>\n<\/button><\/p>\n<p><!-- Modal --><\/p>\n<div id=\"myModal\" class=\"modal fade\" tabindex=\"-1\" role=\"dialog\" aria-labelledby=\"myModalLabel\">\n<div class=\"modal-dialog\" role=\"document\">\n<div class=\"modal-content\">\n<div class=\"modal-header\">\n<p><button class=\"close\" type=\"button\" data-dismiss=\"modal\" aria-label=\"Close\"><span aria-hidden=\"true\">\u00d7<\/span><\/button><\/p>\n<h4 id=\"myModalLabel\" class=\"modal-title\">Modal title<\/h4>\n<\/div>\n<div class=\"modal-body\">video Pr\u00f3ximamente<\/div>\n<\/div>\n<\/div>\n<\/div>\n<p>[\/vc_column_text][vc_column_text]Disponemos en Ciudad Ju\u00e1rez con m\u00e1s de 300 unidades con GPS que indica nombre de rastreador, velocidad en la que se traslada, viaje total y su estad\u00edstica de kilometraje.<\/p>\n<p>[\/vc_column_text][vc_row_inner el_class=&#8221;servicios-list&#8221;][vc_column_inner width=&#8221;1\/2&#8243;][vc_column_text css=&#8221;.vc_custom_1613727052182{background-color: #f1f2f2 !important;}&#8221;]<img loading=\"lazy\" decoding=\"async\" width=\"68\" height=\"66\" class=\"alignnone size-full wp-image-286\" src=\"https:\/\/corporativoger.com\/wp-content\/uploads\/2021\/02\/servicios-rcj-01.png\" alt=\"\" \/><\/p>\n<h4 class=\"titl-s\">Eficiencia<\/h4>\n<p>Tenemos una eficiencia del 99.99% para cada uno de nuestros clientes.[\/vc_column_text][\/vc_column_inner][vc_column_inner width=&#8221;1\/2&#8243;][vc_column_text css=&#8221;.vc_custom_1613727069595{background-color: #f1f2f2 !important;}&#8221;]<img decoding=\"async\" class=\"alignnone size-full wp-image-286\" src=\"https:\/\/corporativoger.com\/wp-content\/uploads\/2021\/02\/servicios-rcj-02.png\" alt=\"\" \/><\/p>\n<h4 class=\"titl-s\">Atenci\u00f3n personalizada<\/h4>\n<p>Atenci\u00f3n personalizada a su empresa por medio de un coordinador para cada una de las empresas.[\/vc_column_text][\/vc_column_inner][\/vc_row_inner][vc_row_inner el_class=&#8221;servicios-list&#8221;][vc_column_inner width=&#8221;1\/2&#8243;][vc_column_text css=&#8221;.vc_custom_1613727084792{background-color: #f1f2f2 !important;}&#8221;]<img decoding=\"async\" class=\"alignnone size-full wp-image-286\" src=\"https:\/\/corporativoger.com\/wp-content\/uploads\/2021\/02\/servicios-rcj-03.png\" alt=\"\" \/><\/p>\n<h4 class=\"titl-s\">Comunicaci\u00f3n constante<\/h4>\n<p>Comunicaci\u00f3n con radios en frecuencia, VHS digitalizada, donde cada una de las personas involucradas en el servicio cuenta con radio.[\/vc_column_text][\/vc_column_inner][vc_column_inner width=&#8221;1\/2&#8243;][vc_column_text css=&#8221;.vc_custom_1613727098858{background-color: #f1f2f2 !important;}&#8221;]<img decoding=\"async\" class=\"alignnone size-full wp-image-286\" src=\"https:\/\/corporativoger.com\/wp-content\/uploads\/2021\/02\/servicios-rcj-04.png\" alt=\"\" \/><\/p>\n<h4 class=\"titl-s\">Talleres modernos<\/h4>\n<p>Infraestructura con talleres modernos donde se realizan los trabajos indispensables para el funcionamiento correcto de las unidades.[\/vc_column_text][\/vc_column_inner][\/vc_row_inner][vc_images_carousel images=&#8221;122,126,127,128,129,255,256,257&#8243; img_size=&#8221;375&#8243; onclick=&#8221;link_no&#8221; slides_per_view=&#8221;3&#8243; hide_pagination_control=&#8221;yes&#8221; el_class=&#8221;slide-empresa&#8221;][\/vc_column][vc_column width=&#8221;2\/3&#8243; offset=&#8221;vc_col-md-offset-1 vc_col-md-4 vc_col-sm-offset-2&#8243;][vc_row_inner el_class=&#8221;sidebox-empresas&#8221;][vc_column_inner][vc_column_text el_class=&#8221;border-aside side-empresas&#8221;]<strong>Corporativo GER<\/strong><\/p>\n<h3><strong>Nuestras<br \/>\nEmpresas<\/strong><\/h3>\n<p>[\/vc_column_text][vc_raw_html el_class=&#8221;icon-link joselyn&#8221;]JTNDYSUyMGNsYXNzJTNEJTIybG9nby1nZXIlMjIlMjBocmVmJTNEJTIyaHR0cHMlM0ElMkYlMkZjb3Jwb3JhdGl2b2dlci5jb20lMkYlMjIlM0UlM0MlMkZhJTNF[\/vc_raw_html][vc_raw_html el_class=&#8221;icon-link rcj active-bg&#8221;]JTNDYSUyMGNsYXNzJTNEJTIybG9nby10cGolMjIlMjBocmVmJTNEJTIyaHR0cHMlM0ElMkYlMkZjb3Jwb3JhdGl2b2dlci5jb20lMkZpbmRleC5waHAlMkZqb3NlbHluJTJGJTIyJTNFJTNDJTJGYSUzRQ==[\/vc_raw_html][vc_raw_html el_class=&#8221;icon-link alas&#8221;]JTNDYSUyMGNsYXNzJTNEJTIybG9nby1yY2olMjIlMjBocmVmJTNEJTIyaHR0cHMlM0ElMkYlMkZjb3Jwb3JhdGl2b2dlci5jb20lMkZpbmRleC5waHAlMkZyY2olMkYlMjIlM0UlM0MlMkZhJTNF[\/vc_raw_html][vc_raw_html el_class=&#8221;icon-link jcr&#8221;]JTNDYSUyMGNsYXNzJTNEJTIybG9nby1qY3IlMjIlMjBocmVmJTNEJTIyaHR0cHMlM0ElMkYlMkZjb3Jwb3JhdGl2b2dlci5jb20lMkYlMjIlM0UlM0MlMkZhJTNF[\/vc_raw_html][vc_raw_html el_class=&#8221;icon-link rodriguez&#8221;]JTNDYSUyMGNsYXNzJTNEJTIybG9nby01ayUyMiUyMGhyZWYlM0QlMjJodHRwcyUzQSUyRiUyRmNvcnBvcmF0aXZvZ2VyLmNvbSUyRmluZGV4LnBocCUyRmFsYXMtNWslMkYlMjIlM0UlM0MlMkZhJTNF[\/vc_raw_html][vc_raw_html el_class=&#8221;icon-link rodriguez&#8221;]JTNDYSUyMGNsYXNzJTNEJTIybG9nby1yb2QlMjIlMjBocmVmJTNEJTIyaHR0cHMlM0ElMkYlMkZjb3Jwb3JhdGl2b2dlci5jb20lMkYlMjIlM0UlM0MlMkZhJTNF[\/vc_raw_html][\/vc_column_inner][\/vc_row_inner][vc_column_text el_class=&#8221;txt-white&#8221; css=&#8221;.vc_custom_1606714716263{padding-top: 32px !important;padding-right: 20px !important;padding-bottom: 32px !important;padding-left: 20px !important;background-image: url(http:\/\/corporativoger.com\/\/wp-content\/uploads\/2020\/11\/bg-big_Index.jpg?id=38) !important;background-position: center !important;background-repeat: no-repeat !important;background-size: cover !important;}&#8221;]<\/p>\n<p class=\"small-white\">Archivos<\/p>\n<h3><strong>Descarga nuestro brochure<\/strong><\/h3>\n<p><a class=\"pdf-button\" href=\"#\">Brouchure 2020<\/a><br \/>\n<a class=\"pdf-button\" href=\"#\">Presentaci\u00f3n<\/a>[\/vc_column_text][vc_column_text el_class=&#8221;txt-white theme&#8221; css=&#8221;.vc_custom_1616968959165{padding-top: 32px !important;padding-right: 20px !important;padding-bottom: 32px !important;padding-left: 20px !important;background-image: url(http:\/\/corporativoger.com\/\/wp-content\/uploads\/2020\/11\/int-bg-header_Index.jpg?id=31) !important;background-position: center !important;background-repeat: no-repeat !important;background-size: cover !important;}&#8221;]<\/p>\n<p class=\"small-white\">Contacto<\/p>\n<h3><strong>Cont\u00e1ctanos para m\u00e1s informaci\u00f3n<\/strong><\/h3>\n<p>Ser\u00e1 un placer atender cualquier duda y comentario sobre nuestro corporativo GER<\/p>\n<p><a class=\"vc_general vc_btn3 vc_btn3-size-md vc_btn3-shape-rounded vc_btn3-style-modern vc_btn3-color-chino\" href=\"#\">Contacto<\/a>[\/vc_column_text][\/vc_column][\/vc_row]<\/p>\n","protected":false},"excerpt":{"rendered":"<p>[vc_row content_placement=&#8221;middle&#8221; el_class=&#8221;cover-interior&#8221; css=&#8221;.vc_custom_1614367030780{background-image: url(http:\/\/corporativoger.com\/wp-content\/uploads\/2021\/02\/joselyn-cover.jpg?id=314) !important;background-position: center !important;background-repeat: no-repeat !important;background-size: cover !important;}&#8221;][vc_column][vc_column_text] Joselyn Inicio | Joselyn [\/vc_column_text][\/vc_column][\/vc_row][vc_row el_class=&#8221;container&#8221;][vc_column offset=&#8221;vc_col-md-7&#8243;][vc_column_text]Una empresa de Transporte de personal en Ciudad Ju\u00e1rez, encargados de brindar el servicio de traslado de empleados de maquiladoras. Atentemos las demandas o necesidades de cada empresa con la que estamos asociados, adem\u00e1s de proveerles un&nbsp; <a href=\"http:\/\/corporativoger.com\/index.php\/joselyn\/\">&hellip; Read more <i class=\"glyphicon glyphicon-arrow-right\"><\/i><\/a><\/p>\n","protected":false},"author":1,"featured_media":0,"parent":0,"menu_order":0,"comment_status":"closed","ping_status":"closed","template":"page-full-width.php","meta":{"footnotes":""},"class_list":["post-108","page","type-page","status-publish","hentry"],"_links":{"self":[{"href":"http:\/\/corporativoger.com\/index.php\/wp-json\/wp\/v2\/pages\/108","targetHints":{"allow":["GET"]}}],"collection":[{"href":"http:\/\/corporativoger.com\/index.php\/wp-json\/wp\/v2\/pages"}],"about":[{"href":"http:\/\/corporativoger.com\/index.php\/wp-json\/wp\/v2\/types\/page"}],"author":[{"embeddable":true,"href":"http:\/\/corporativoger.com\/index.php\/wp-json\/wp\/v2\/users\/1"}],"replies":[{"embeddable":true,"href":"http:\/\/corporativoger.com\/index.php\/wp-json\/wp\/v2\/comments?post=108"}],"version-history":[{"count":40,"href":"http:\/\/corporativoger.com\/index.php\/wp-json\/wp\/v2\/pages\/108\/revisions"}],"predecessor-version":[{"id":462,"href":"http:\/\/corporativoger.com\/index.php\/wp-json\/wp\/v2\/pages\/108\/revisions\/462"}],"wp:attachment":[{"href":"http:\/\/corporativoger.com\/index.php\/wp-json\/wp\/v2\/media?parent=108"}],"curies":[{"name":"wp","href":"https:\/\/api.w.org\/{rel}","templated":true}]}}